{"id":2605,"date":"2020-07-07T06:46:03","date_gmt":"2020-07-07T06:46:03","guid":{"rendered":"https:\/\/esstzoumaz.ch\/a-propos\/"},"modified":"2020-09-09T15:55:24","modified_gmt":"2020-09-09T15:55:24","slug":"ueber-uns","status":"publish","type":"page","link":"https:\/\/esstzoumaz.ch\/de\/ueber-uns\/","title":{"rendered":"\u00dcber uns"},"content":{"rendered":"<div id='full_slider_1'  class='avia-fullwidth-slider main_color avia-shadow   avia-builder-el-0  el_before_av_section  avia-builder-el-first   container_wrap fullsize'  >\n<style type=\"text\/css\" data-created_by=\"avia_inline_auto\" id=\"style-css-av-kc3crd9p-9235ba369f1c405d3468b611a8d518ae\">\n#top #wrap_all .avia-slideshow .av-slideshow-caption.av-kc3crd9p-9235ba369f1c405d3468b611a8d518ae__0 .avia-caption-title{\nfont-size:50px;\n}\n#top .avia-slideshow .av-slideshow-caption.av-kc3crd9p-9235ba369f1c405d3468b611a8d518ae__0 .avia-caption-content{\nfont-size:24px;\n}\n#top .avia-slideshow .av-slideshow-caption.av-kc3crd9p-9235ba369f1c405d3468b611a8d518ae__0 .avia-caption-content p{\nfont-size:24px;\n}\n<\/style>\n<div  class='avia-slideshow av-kc3crd9p-9235ba369f1c405d3468b611a8d518ae avia-slideshow-no scaling av_slideshow_full avia-slide-slider av-slideshow-ui av-control-hidden av-no-slider-navigation av-hide-nav-arrows av-slideshow-manual av-loop-once av-loop-manual-endless av-default-height-applied   avia-slideshow-1' data-slideshow-options=\"{&quot;animation&quot;:&quot;slide&quot;,&quot;autoplay&quot;:false,&quot;loop_autoplay&quot;:&quot;once&quot;,&quot;interval&quot;:5,&quot;loop_manual&quot;:&quot;manual-endless&quot;,&quot;autoplay_stopper&quot;:false,&quot;noNavigation&quot;:true,&quot;bg_slider&quot;:false,&quot;keep_padding&quot;:false,&quot;hoverpause&quot;:false,&quot;show_slide_delay&quot;:0}\"  itemprop=\"image\" itemscope=\"itemscope\" itemtype=\"https:\/\/schema.org\/ImageObject\" ><ul class='avia-slideshow-inner ' style='padding-bottom: 32.8125%;'><li  class='avia-slideshow-slide av-kc3crd9p-9235ba369f1c405d3468b611a8d518ae__0  av-single-slide slide-1 slide-odd'><div data-rel='slideshow-1' class='avia-slide-wrap '   ><img decoding=\"async\" fetchpriority=\"high\" class=\"wp-image-1780 avia-img-lazy-loading-not-1780\"  src=\"https:\/\/esstzoumaz.ch\/wp-content\/uploads\/2020\/07\/tzoumaz-about-1.jpg\" width=\"1920\" height=\"630\" title='tzoumaz-about' alt=''  itemprop=\"thumbnailUrl\" srcset=\"https:\/\/esstzoumaz.ch\/wp-content\/uploads\/2020\/07\/tzoumaz-about-1.jpg 1920w, https:\/\/esstzoumaz.ch\/wp-content\/uploads\/2020\/07\/tzoumaz-about-1-800x263.jpg 800w, https:\/\/esstzoumaz.ch\/wp-content\/uploads\/2020\/07\/tzoumaz-about-1-1600x525.jpg 1600w, https:\/\/esstzoumaz.ch\/wp-content\/uploads\/2020\/07\/tzoumaz-about-1-768x252.jpg 768w, https:\/\/esstzoumaz.ch\/wp-content\/uploads\/2020\/07\/tzoumaz-about-1-1536x504.jpg 1536w, https:\/\/esstzoumaz.ch\/wp-content\/uploads\/2020\/07\/tzoumaz-about-1-1500x492.jpg 1500w, https:\/\/esstzoumaz.ch\/wp-content\/uploads\/2020\/07\/tzoumaz-about-1-705x231.jpg 705w\" sizes=\"(max-width: 1920px) 100vw, 1920px\" \/><\/div><\/li><\/ul><\/div><\/div>\n<div id='av_section_1'  class='avia-section av-b21dc7-6883859e59010bcf9f097872d87b4660 main_color avia-section-default avia-no-border-styling  avia-builder-el-1  el_after_av_slideshow_full  el_before_av_postcontent  avia-bg-style-scroll container_wrap fullsize'  ><div class='container av-section-cont-open' ><div class='template-page content  av-content-full alpha units'><div class='post-entry post-entry-type-page post-entry-2605'><div class='entry-content-wrapper clearfix'>\n\n<style type=\"text\/css\" data-created_by=\"avia_inline_auto\" id=\"style-css-av-3qm5vx-fd7e9f10aef6193625d6591052370362\">\n#top .av-special-heading.av-3qm5vx-fd7e9f10aef6193625d6591052370362{\npadding-bottom:10px;\ncolor:#d2212a;\nfont-size:50px;\n}\nbody .av-special-heading.av-3qm5vx-fd7e9f10aef6193625d6591052370362 .av-special-heading-tag .heading-char{\nfont-size:25px;\n}\n#top #wrap_all .av-special-heading.av-3qm5vx-fd7e9f10aef6193625d6591052370362 .av-special-heading-tag{\nfont-size:50px;\n}\n.av-special-heading.av-3qm5vx-fd7e9f10aef6193625d6591052370362 .special-heading-inner-border{\nborder-color:#d2212a;\n}\n.av-special-heading.av-3qm5vx-fd7e9f10aef6193625d6591052370362 .av-subheading{\nfont-size:24px;\n}\n\n@media only screen and (min-width: 480px) and (max-width: 767px){ \n#top #wrap_all .av-special-heading.av-3qm5vx-fd7e9f10aef6193625d6591052370362 .av-special-heading-tag{\nfont-size:0.8em;\n}\n}\n\n@media only screen and (max-width: 479px){ \n#top #wrap_all .av-special-heading.av-3qm5vx-fd7e9f10aef6193625d6591052370362 .av-special-heading-tag{\nfont-size:0.8em;\n}\n}\n<\/style>\n<div  class='av-special-heading av-3qm5vx-fd7e9f10aef6193625d6591052370362 av-special-heading-h1 custom-color-heading blockquote modern-quote  avia-builder-el-2  el_before_av_three_fifth  avia-builder-el-first  av-inherit-size'><h1 class='av-special-heading-tag'  itemprop=\"headline\"  >Unsere Leidenschaft, unsere Ziele&#8230;<\/h1><div class=\"special-heading-border\"><div class=\"special-heading-inner-border\"><\/div><\/div><\/div>\n\n<style type=\"text\/css\" data-created_by=\"avia_inline_auto\" id=\"style-css-av-8lks9z-22a3547e898afc50eeb08b38ea4ff129\">\n.flex_column.av-8lks9z-22a3547e898afc50eeb08b38ea4ff129{\nborder-radius:0px 0px 0px 0px;\npadding:0px 0px 0px 0px;\n}\n<\/style>\n<div  class='flex_column av-8lks9z-22a3547e898afc50eeb08b38ea4ff129 av_three_fifth  avia-builder-el-3  el_after_av_heading  el_before_av_heading  first flex_column_div av-zero-column-padding  '     ><section  class='av_textblock_section av-kcany5ch-8aeaf4e34a6297f7050f46eeba0f4e11 '   itemscope=\"itemscope\" itemtype=\"https:\/\/schema.org\/CreativeWork\" ><div class='avia_textblock'  itemprop=\"text\" ><p>Die 1969 gegr\u00fcndete Schweizer Skischule La Tzoumaz verf\u00fcgt \u00fcber rund 50 perfekt ausgebildete Lehrer.<\/p>\n<p>Das ber\u00fchmte Demo-Team der Schule geh\u00f6rt zu den besten der Schweiz. Die Schule bietet Gruppen- oder Einzelunterricht an f\u00fcr alle beliebten Schneesportarten: Skifahren, Snowboarden, Telemark-Skifahren und sogar Schlittenfahren. Wenn Sie auf der Suche nach Abenteuer sind, nutzen Sie unsere Angebote f\u00fcr Heli-Skiing oder Gleitschirmfliegen.<\/p>\n<\/div><\/section><\/div>\n<style type=\"text\/css\" data-created_by=\"avia_inline_auto\" id=\"style-css-av-2syyhp-e086af6bec5b98eba334cca37243090a\">\n#top .av-special-heading.av-2syyhp-e086af6bec5b98eba334cca37243090a{\npadding-bottom:10px;\n}\nbody .av-special-heading.av-2syyhp-e086af6bec5b98eba334cca37243090a .av-special-heading-tag .heading-char{\nfont-size:25px;\n}\n.av-special-heading.av-2syyhp-e086af6bec5b98eba334cca37243090a .av-subheading{\nfont-size:15px;\n}\n<\/style>\n<div  class='av-special-heading av-2syyhp-e086af6bec5b98eba334cca37243090a av-special-heading-h2 blockquote modern-quote  avia-builder-el-5  el_after_av_three_fifth  el_before_av_one_half '><h2 class='av-special-heading-tag'  itemprop=\"headline\"  >Herzlich willkommen in La Tzoumaz<\/h2><div class=\"special-heading-border\"><div class=\"special-heading-inner-border\"><\/div><\/div><\/div>\n\n<style type=\"text\/css\" data-created_by=\"avia_inline_auto\" id=\"style-css-av-8lks9z-22a3547e898afc50eeb08b38ea4ff129\">\n.flex_column.av-8lks9z-22a3547e898afc50eeb08b38ea4ff129{\nborder-radius:0px 0px 0px 0px;\npadding:0px 0px 0px 0px;\n}\n<\/style>\n<div  class='flex_column av-8lks9z-22a3547e898afc50eeb08b38ea4ff129 av_one_half  avia-builder-el-6  el_after_av_heading  el_before_av_one_half  first flex_column_div av-zero-column-padding  '     ><section  class='av_textblock_section av-kcany5ch-8aeaf4e34a6297f7050f46eeba0f4e11 '   itemscope=\"itemscope\" itemtype=\"https:\/\/schema.org\/CreativeWork\" ><div class='avia_textblock'  itemprop=\"text\" ><p>Im Dialekt unserer Grosseltern bedeutet \u00ab\u00a0tzoumer\u00a0\u00bb\u00a0 so viel wie \u00ab\u00a0sich ausruhen\u00a0\u00bb. Dieser erholsame Ort war f\u00fcr sie die letzte Rast, bevor sie mit Ihren Rindern auf das Weideland zur\u00fcckkehrten.<\/p>\n<p>Daraus ist heute eine ansprechende Feriendestination in den Bergen entstanden!<\/p>\n<p>Bereits 1960 lockte die Landschaft abenteuerlustige Entdecker an. Um diesen G\u00e4sten unvergessliche Touren in unserem Gebiet anzubieten, gr\u00fcndete M. Perraudin im Jahre 1969 die Schweizer Skischule La Tzoumaz.<\/p>\n<p>Durch professionell gef\u00fchrte Wintersportkurse blieb der Betrieb mit grossem Stolz \u00fcber die vergangenen Jahrzehnte erhalten. Ob Ski, Snowboard, Telemark oder Schlitteln unser Team freut sich, die Leidenschaft zum Wintersport mit Ihnen zu teilen.<\/p>\n<\/div><\/section><\/div>\n<style type=\"text\/css\" data-created_by=\"avia_inline_auto\" id=\"style-css-av-8lks9z-f34db54c4828303905c976d8017f49b9\">\n.flex_column.av-8lks9z-f34db54c4828303905c976d8017f49b9{\nborder-radius:0px 0px 0px 0px;\npadding:0px 0px 0px 0px;\n}\n<\/style>\n<div  class='flex_column av-8lks9z-f34db54c4828303905c976d8017f49b9 av_one_half  avia-builder-el-8  el_after_av_one_half  avia-builder-el-last  flex_column_div av-zero-column-padding  '     ><section  class='av_textblock_section av-kcany5ch-8aeaf4e34a6297f7050f46eeba0f4e11 '   itemscope=\"itemscope\" itemtype=\"https:\/\/schema.org\/CreativeWork\" ><div class='avia_textblock'  itemprop=\"text\" ><p>Wir helfen mit, Ihren Urlaub zu einem unvergesslichen Erlebnis mitzugestalten!<\/p>\n<p>\u00dcberzeugen Sie sich von unserer einzigartigen und warmherzigen Atmosph\u00e4re, welche in unserer Skischule herrscht.<\/p>\n<p>Lassen Sie sich von unseren Schneesportlehrerinnen und -lehrer durch unsere friedlich verschneiten T\u00e4ler f\u00fchren. Teilen Sie mit unserem Team aussergew\u00f6hnliche und unvergessliche Augenblicke und lernen Sie unsere grosse Familie der Schweizer Skischule La Tzoumaz kennen!<\/p>\n<p>Bis Bald!<\/p>\n<\/div><\/section><\/div>\n\n[av_section min_height='' min_height_pc='25' min_height_px='500px' padding='default' custom_margin='0px' custom_margin_sync='true' color='main_color' background='bg_color' custom_bg='' background_gradient_color1='' background_gradient_color2='' background_gradient_direction='vertical' src='' attachment='' attachment_size='' attach='scroll' position='top left' repeat='no-repeat' video='' video_ratio='16:9' overlay_opacity='0.5' overlay_color='' overlay_pattern='' overlay_custom_pattern='' shadow='no-border-styling' bottom_border='no-border-styling' bottom_border_diagonal_color='#333333' bottom_border_diagonal_direction='' bottom_border_style='' custom_arrow_bg='' id='' custom_class='' aria_label='' av_element_hidden_in_editor='0' av_uid='av-q51jwk']\r\n\r\n[av_one_half first min_height='av-equal-height-column' vertical_alignment='av-align-top' space='' row_boxshadow_color='#e0e0e0' row_boxshadow_width='10' custom_margin='aviaTBcustom_margin' margin='0px' margin_sync='true' mobile_breaking='' border='' border_color='' radius='10px' radius_sync='true' padding='30px' padding_sync='true' column_boxshadow_color='#000000' column_boxshadow_width='10' background='bg_color' background_color='' background_gradient_color1='' background_gradient_color2='' background_gradient_direction='vertical' src='' attachment='' attachment_size='' background_position='top left' background_repeat='no-repeat' highlight='aviaTBhighlight' highlight_size='1.1' animation='' link='' linktarget='' link_hover='' title_attr='' alt_attr='' mobile_display='' id='' custom_class='tz_icon-box' aria_label='' av_uid='av-nz9wv8']\r\n\r\n[av_icon_box icon='ue908' font='tzoumaz' title='BEWERTEN SIE IHR NIVEAU' position='right_content' icon_style='' boxed='' font_color='' custom_title='' custom_content='' color='custom' custom_bg='#25353c' custom_font='#ffffff' custom_border='' custom_title_size='' av-medium-font-size-title='' av-small-font-size-title='' av-mini-font-size-title='' custom_content_size='' av-medium-font-size='' av-small-font-size='' av-mini-font-size='' heading_tag='' heading_class='' link='' linktarget='' linkelement='' id='' custom_class='' av_uid='av-kc3ecllb' admin_preview_bg='']\r\nEINFACH MIT VIDEOS\r\n[\/av_icon_box]\r\n\r\n[av_buttonrow alignment='right' button_spacing='5' button_spacing_unit='px' alb_description='' id='' custom_class='' av_uid='av-kc3egj0u' admin_preview_bg='']\r\n[av_buttonrow_item label='SKI' icon_select='no' icon='4' font='entypo-fontello' link='page,2629' link_target='' size='small' label_display='' title_attr='' color='theme-color-subtle' custom_bg='#444444' custom_font='#ffffff' av_uid='av-90r69v']\r\n[av_buttonrow_item label='SNOWBOARD' icon_select='no' icon='5' font='entypo-fontello' link='page,2653' link_target='' size='small' label_display='' title_attr='' color='theme-color-subtle' custom_bg='#444444' custom_font='#ffffff' av_uid='av-71qsyb']\r\n[\/av_buttonrow]\r\n\r\n[\/av_one_half][av_one_half min_height='av-equal-height-column' vertical_alignment='av-align-top' space='' row_boxshadow_color='#e0e0e0' row_boxshadow_width='10' custom_margin='aviaTBcustom_margin' margin='0px' margin_sync='true' mobile_breaking='' border='' border_color='' radius='10px' radius_sync='true' padding='30px' padding_sync='true' column_boxshadow_color='#000000' column_boxshadow_width='10' background='bg_color' background_color='' background_gradient_color1='' background_gradient_color2='' background_gradient_direction='vertical' src='' attachment='' attachment_size='' background_position='top left' background_repeat='no-repeat' highlight='aviaTBhighlight' highlight_size='1.1' animation='' link='' linktarget='' link_hover='' title_attr='' alt_attr='' mobile_display='' id='' custom_class='tz_icon-box' aria_label='' av_uid='av-nz9wv8-9']\r\n\r\n[av_icon_box icon='ue90c' font='tzoumaz' title='SKI- & SNOWBOARDLEHRER' position='left_content' icon_style='' boxed='' font_color='' custom_title='' custom_content='' color='custom' custom_bg='#25353c' custom_font='#ffffff' custom_border='' custom_title_size='' av-medium-font-size-title='' av-small-font-size-title='' av-mini-font-size-title='' custom_content_size='' av-medium-font-size='' av-small-font-size='' av-mini-font-size='' heading_tag='' heading_class='' link='' linktarget='' linkelement='' id='' custom_class='' av_uid='av-kc3ecllb-8' admin_preview_bg='']\r\nUND ANDERE TEAM-MITGLIEDER\r\n[\/av_icon_box]\r\n\r\n[av_buttonrow alignment='left' button_spacing='5' button_spacing_unit='px' alb_description='' id='' custom_class='' av_uid='av-kc3egj0u-7' admin_preview_bg='']\r\n[av_buttonrow_item label='TEAM entdecken' icon_select='no' icon='4' font='entypo-fontello' link='page,2449' link_target='' size='small' label_display='' title_attr='' color='theme-color-subtle' custom_bg='#444444' custom_font='#ffffff' av_uid='av-3mipvn']\r\n[\/av_buttonrow]\r\n\r\n[\/av_one_half][av_hr class='custom' icon_select='no' icon='ue911' font='tzoumaz' position='center' shadow='no-shadow' height='50' custom_border='av-border-thin' custom_width='300px' custom_margin_top='30px' custom_margin_bottom='30px' custom_border_color='' custom_icon_color='' id='' custom_class='' av_uid='av-37zh7o' admin_preview_bg='']\r\n\r\n[av_one_half first min_height='av-equal-height-column' vertical_alignment='av-align-top' space='' row_boxshadow_color='#e0e0e0' row_boxshadow_width='10' custom_margin='aviaTBcustom_margin' margin='0px' margin_sync='true' mobile_breaking='' border='' border_color='' radius='10px' radius_sync='true' padding='30px' padding_sync='true' column_boxshadow_color='#000000' column_boxshadow_width='10' background='bg_color' background_color='' background_gradient_color1='' background_gradient_color2='' background_gradient_direction='vertical' src='' attachment='' attachment_size='' background_position='top left' background_repeat='no-repeat' highlight='aviaTBhighlight' highlight_size='1.1' animation='' link='' linktarget='' link_hover='' title_attr='' alt_attr='' mobile_display='' id='' custom_class='tz_icon-box' aria_label='' av_uid='av-nz9wv8-6']\r\n\r\n[av_icon_box icon='ue90a' font='tzoumaz' title='SNOWASSIST VERSICHERUNG' position='right_content' icon_style='' boxed='' font_color='' custom_title='' custom_content='' color='custom' custom_bg='#25353c' custom_font='#ffffff' custom_border='' custom_title_size='' av-medium-font-size-title='' av-small-font-size-title='' av-mini-font-size-title='' custom_content_size='' av-medium-font-size='' av-small-font-size='' av-mini-font-size='' heading_tag='' heading_class='' link='' linktarget='' linkelement='' id='' custom_class='' av_uid='av-kc3ecllb-5' admin_preview_bg='']\r\nONLINE SCHNEEVERSICHERUNG\r\n[\/av_icon_box]\r\n\r\n[av_buttonrow alignment='right' button_spacing='5' button_spacing_unit='px' alb_description='' id='' custom_class='' av_uid='av-kc3egj0u-4' admin_preview_bg='']\r\n[av_buttonrow_item label='Mehr info' icon_select='no' icon='4' font='entypo-fontello' link='manually,https:\/\/www.snowassist.ch\/en\/' link_target='_blank' size='small' label_display='' title_attr='' color='theme-color-subtle' custom_bg='#444444' custom_font='#ffffff' av_uid='av-32w9s3']\r\n[\/av_buttonrow]\r\n\r\n[\/av_one_half][av_one_half min_height='av-equal-height-column' vertical_alignment='av-align-top' space='' row_boxshadow_color='#e0e0e0' row_boxshadow_width='10' custom_margin='aviaTBcustom_margin' margin='0px' margin_sync='true' mobile_breaking='' border='' border_color='' radius='10px' radius_sync='true' padding='30px' padding_sync='true' column_boxshadow_color='#000000' column_boxshadow_width='10' background='bg_color' background_color='' background_gradient_color1='' background_gradient_color2='' background_gradient_direction='vertical' src='' attachment='' attachment_size='' background_position='top left' background_repeat='no-repeat' highlight='aviaTBhighlight' highlight_size='1.1' animation='' link='' linktarget='' link_hover='' title_attr='' alt_attr='' mobile_display='' id='' custom_class='tz_icon-box' aria_label='' av_uid='av-nz9wv8-3']\r\n\r\n[av_icon_box icon='ue902' font='tzoumaz' title='TIPPS' position='left_content' icon_style='' boxed='' font_color='' custom_title='' custom_content='' color='custom' custom_bg='#25353c' custom_font='#ffffff' custom_border='' custom_title_size='' av-medium-font-size-title='' av-small-font-size-title='' av-mini-font-size-title='' custom_content_size='' av-medium-font-size='' av-small-font-size='' av-mini-font-size='' heading_tag='' heading_class='' link='' linktarget='' linkelement='' id='' custom_class='' av_uid='av-kc3ecllb-2' admin_preview_bg='']\r\nWAS ? WIE ?\r\n[\/av_icon_box]\r\n\r\n[av_buttonrow alignment='left' button_spacing='5' button_spacing_unit='px' alb_description='' id='' custom_class='' av_uid='av-kc3egj0u-1' admin_preview_bg='']\r\n[av_buttonrow_item label='Zu den FAQ' icon_select='no' icon='4' font='entypo-fontello' link='page,3185' link_target='' size='small' label_display='' title_attr='' color='theme-color-subtle' custom_bg='#444444' custom_font='#ffffff' av_uid='av-1wzzxv']\r\n[\/av_buttonrow]\r\n\r\n[\/av_one_half][\/av_section]\n","protected":false},"excerpt":{"rendered":"","protected":false},"author":2,"featured_media":0,"parent":0,"menu_order":0,"comment_status":"closed","ping_status":"closed","template":"","meta":{"_acf_changed":false,"_seopress_robots_primary_cat":"","_seopress_titles_title":"","_seopress_titles_desc":"","_seopress_robots_index":"","footnotes":""},"acf":[],"_links":{"self":[{"href":"https:\/\/esstzoumaz.ch\/de\/wp-json\/wp\/v2\/pages\/2605"}],"collection":[{"href":"https:\/\/esstzoumaz.ch\/de\/wp-json\/wp\/v2\/pages"}],"about":[{"href":"https:\/\/esstzoumaz.ch\/de\/wp-json\/wp\/v2\/types\/page"}],"author":[{"embeddable":true,"href":"https:\/\/esstzoumaz.ch\/de\/wp-json\/wp\/v2\/users\/2"}],"replies":[{"embeddable":true,"href":"https:\/\/esstzoumaz.ch\/de\/wp-json\/wp\/v2\/comments?post=2605"}],"version-history":[{"count":9,"href":"https:\/\/esstzoumaz.ch\/de\/wp-json\/wp\/v2\/pages\/2605\/revisions"}],"predecessor-version":[{"id":4053,"href":"https:\/\/esstzoumaz.ch\/de\/wp-json\/wp\/v2\/pages\/2605\/revisions\/4053"}],"wp:attachment":[{"href":"https:\/\/esstzoumaz.ch\/de\/wp-json\/wp\/v2\/media?parent=2605"}],"curies":[{"name":"wp","href":"https:\/\/api.w.org\/{rel}","templated":true}]}}