{"id":6507,"date":"2025-07-13T21:29:09","date_gmt":"2025-07-13T21:29:09","guid":{"rendered":"https:\/\/esstzoumaz.ch\/summer-camp\/"},"modified":"2025-07-13T22:27:27","modified_gmt":"2025-07-13T22:27:27","slug":"sommercamp","status":"publish","type":"page","link":"https:\/\/esstzoumaz.ch\/de\/sommercamp\/","title":{"rendered":"Sommercamp"},"content":{"rendered":"<div id='full_slider_1'  class='avia-fullwidth-slider main_color avia-shadow   avia-builder-el-0  el_before_av_section  avia-builder-el-first   container_wrap fullsize'  >\n<style type=\"text\/css\" data-created_by=\"avia_inline_auto\" id=\"style-css-av-kc3crd9p-ed40144a9084cd20a4b1b7060a102c88\">\n#top #wrap_all .avia-slideshow .av-slideshow-caption.av-kc3crd9p-ed40144a9084cd20a4b1b7060a102c88__0 .avia-caption-title{\nfont-size:50px;\ncolor:#25353c;\n}\n#top .avia-slideshow .av-slideshow-caption.av-kc3crd9p-ed40144a9084cd20a4b1b7060a102c88__0 .avia-caption-content{\nfont-size:24px;\ncolor:#25353c;\n}\n#top .avia-slideshow .av-slideshow-caption.av-kc3crd9p-ed40144a9084cd20a4b1b7060a102c88__0 .avia-caption-content p{\nfont-size:24px;\n}\n<\/style>\n<div  class='avia-slideshow av-kc3crd9p-ed40144a9084cd20a4b1b7060a102c88 avia-slideshow-no scaling av_slideshow_full avia-slide-slider av-slideshow-ui av-control-hidden av-no-slider-navigation av-hide-nav-arrows av-slideshow-manual av-loop-once av-loop-manual-endless av-default-height-applied   avia-slideshow-1' data-slideshow-options=\"{&quot;animation&quot;:&quot;slide&quot;,&quot;autoplay&quot;:false,&quot;loop_autoplay&quot;:&quot;once&quot;,&quot;interval&quot;:5,&quot;loop_manual&quot;:&quot;manual-endless&quot;,&quot;autoplay_stopper&quot;:false,&quot;noNavigation&quot;:true,&quot;bg_slider&quot;:false,&quot;keep_padding&quot;:false,&quot;hoverpause&quot;:false,&quot;show_slide_delay&quot;:0}\"  itemprop=\"image\" itemscope=\"itemscope\" itemtype=\"https:\/\/schema.org\/ImageObject\" ><ul class='avia-slideshow-inner ' style='padding-bottom: 32.8125%;'><li  class='avia-slideshow-slide av-kc3crd9p-ed40144a9084cd20a4b1b7060a102c88__0  av-single-slide slide-1 slide-odd'><div data-rel='slideshow-1' class='avia-slide-wrap '   ><img decoding=\"async\" fetchpriority=\"high\" class=\"wp-image-6465 avia-img-lazy-loading-not-6465\"  src=\"https:\/\/esstzoumaz.ch\/wp-content\/uploads\/2025\/07\/camp.jpg\" width=\"1920\" height=\"630\" title='camp' alt=''  itemprop=\"thumbnailUrl\" srcset=\"https:\/\/esstzoumaz.ch\/wp-content\/uploads\/2025\/07\/camp.jpg 1920w, https:\/\/esstzoumaz.ch\/wp-content\/uploads\/2025\/07\/camp-800x263.jpg 800w, https:\/\/esstzoumaz.ch\/wp-content\/uploads\/2025\/07\/camp-1600x525.jpg 1600w, https:\/\/esstzoumaz.ch\/wp-content\/uploads\/2025\/07\/camp-768x252.jpg 768w, https:\/\/esstzoumaz.ch\/wp-content\/uploads\/2025\/07\/camp-1536x504.jpg 1536w, https:\/\/esstzoumaz.ch\/wp-content\/uploads\/2025\/07\/camp-1500x492.jpg 1500w, https:\/\/esstzoumaz.ch\/wp-content\/uploads\/2025\/07\/camp-705x231.jpg 705w\" sizes=\"(max-width: 1920px) 100vw, 1920px\" \/><\/div><\/li><\/ul><\/div><\/div>\n<div id='av_section_1'  class='avia-section av-b21dc7-6883859e59010bcf9f097872d87b4660 main_color avia-section-default avia-no-border-styling  avia-builder-el-1  el_after_av_slideshow_full  el_before_av_section  avia-bg-style-scroll container_wrap fullsize'  ><div class='container av-section-cont-open' ><div class='template-page content  av-content-full alpha units'><div class='post-entry post-entry-type-page post-entry-6507'><div class='entry-content-wrapper clearfix'>\n\n<style type=\"text\/css\" data-created_by=\"avia_inline_auto\" id=\"style-css-av-kdue5hyq-c45a1f2fef668aa47216ead963b45a88\">\n#top .av-special-heading.av-kdue5hyq-c45a1f2fef668aa47216ead963b45a88{\npadding-bottom:30px;\ncolor:#d2212a;\nfont-size:50px;\n}\nbody .av-special-heading.av-kdue5hyq-c45a1f2fef668aa47216ead963b45a88 .av-special-heading-tag .heading-char{\nfont-size:25px;\n}\n#top #wrap_all .av-special-heading.av-kdue5hyq-c45a1f2fef668aa47216ead963b45a88 .av-special-heading-tag{\nfont-size:50px;\n}\n.av-special-heading.av-kdue5hyq-c45a1f2fef668aa47216ead963b45a88 .special-heading-inner-border{\nborder-color:#d2212a;\n}\n.av-special-heading.av-kdue5hyq-c45a1f2fef668aa47216ead963b45a88 .av-subheading{\nfont-size:24px;\n}\n\n@media only screen and (min-width: 480px) and (max-width: 767px){ \n#top #wrap_all .av-special-heading.av-kdue5hyq-c45a1f2fef668aa47216ead963b45a88 .av-special-heading-tag{\nfont-size:0.8em;\n}\n}\n\n@media only screen and (max-width: 479px){ \n#top #wrap_all .av-special-heading.av-kdue5hyq-c45a1f2fef668aa47216ead963b45a88 .av-special-heading-tag{\nfont-size:0.8em;\n}\n}\n<\/style>\n<div  class='av-special-heading av-kdue5hyq-c45a1f2fef668aa47216ead963b45a88 av-special-heading-h1 custom-color-heading blockquote modern-quote  avia-builder-el-2  el_before_av_one_half  avia-builder-el-first  av-inherit-size'><h1 class='av-special-heading-tag'  itemprop=\"headline\"  >Sommercamp<\/h1><div class='av_custom_color av-subheading av-subheading_below'><p>Eine Woche voller Entdeckungen, Spiel und Sport<\/p>\n<\/div><div class=\"special-heading-border\"><div class=\"special-heading-inner-border\"><\/div><\/div><\/div>\n\n<style type=\"text\/css\" data-created_by=\"avia_inline_auto\" id=\"style-css-av-8lks9z-22a3547e898afc50eeb08b38ea4ff129\">\n.flex_column.av-8lks9z-22a3547e898afc50eeb08b38ea4ff129{\nborder-radius:0px 0px 0px 0px;\npadding:0px 0px 0px 0px;\n}\n<\/style>\n<div  class='flex_column av-8lks9z-22a3547e898afc50eeb08b38ea4ff129 av_one_half  avia-builder-el-3  el_after_av_heading  el_before_av_one_half  first flex_column_div av-zero-column-padding  '     ><p><section  class='av_textblock_section av-kcany5ch-b90236e2ba3fbf5ff031ae3f8cba32cc '   itemscope=\"itemscope\" itemtype=\"https:\/\/schema.org\/CreativeWork\" ><div class='avia_textblock'  itemprop=\"text\" ><p>Dieses erlebnisreiche Programm bietet Kindern eine Woche voller Abenteuer, Bewegung und Gemeinschaft \u2013 betreut von einem erfahrenen Team. Durch abwechslungsreiche Aktivit\u00e4ten erkunden sie die Alpenlandschaft von La Tzoumaz und entwickeln dabei Teamgeist, Selbstst\u00e4ndigkeit und Neugier.<\/p>\n<\/div><\/section><br \/>\n<section  class='av_textblock_section av-kcany5ch-18-7a207f7c91bd4f3bb5df935a511d8442 '   itemscope=\"itemscope\" itemtype=\"https:\/\/schema.org\/CreativeWork\" ><div class='avia_textblock'  itemprop=\"text\" ><p>Das Programm umfasst altersgerechte Aktivit\u00e4ten f\u00fcr beide Gruppen (5\u20138 Jahre und 9\u201314 Jahre): Mountainbike-Ausfl\u00fcge, Schatzsuchen, Einf\u00fchrung in das \u00dcberleben in den Bergen, Olympiaden, Erkundung von H\u00e4ngewegen, Pumptrack, Picknicks und Outdoor-Challenges.<\/p>\n<\/div><\/section><br \/>\n<section  class='av_textblock_section av-md1fn11z-20baba228ed03c4ab0faba61b502eedc '   itemscope=\"itemscope\" itemtype=\"https:\/\/schema.org\/CreativeWork\" ><div class='avia_textblock'  itemprop=\"text\" ><p>Die Inhalte k\u00f6nnen je nach Wetterlage variieren, um allen Teilnehmenden Sicherheit, Komfort und Spa\u00df zu garantieren.<\/p>\n<\/div><\/section><\/p><\/div>\n<style type=\"text\/css\" data-created_by=\"avia_inline_auto\" id=\"style-css-av-7auwfr-716db08b321cc6b450fc4c8e8a09c3bc\">\n.flex_column.av-7auwfr-716db08b321cc6b450fc4c8e8a09c3bc{\nborder-radius:0px 0px 0px 0px;\npadding:0px 0px 0px 0px;\n}\n<\/style>\n<div  class='flex_column av-7auwfr-716db08b321cc6b450fc4c8e8a09c3bc av_one_half  avia-builder-el-7  el_after_av_one_half  avia-builder-el-last  flex_column_div av-zero-column-padding  '     ><p><div  class='avia-slideshow av-kcq0zv1w-df9b92f1f0a487104a7e75d3efb3cdd8 avia-slideshow-no scaling av_slideshow avia-slide-slider  avia-builder-el-8  el_before_av_textblock  avia-builder-el-first  av-slideshow-ui av-control-minimal av-control-minimal-dark av-slideshow-autoplay av-loop-endless av-loop-manual-endless av-default-height-applied avia-slideshow-2' data-slideshow-options=\"{&quot;animation&quot;:&quot;slide&quot;,&quot;autoplay&quot;:true,&quot;loop_autoplay&quot;:&quot;endless&quot;,&quot;interval&quot;:3,&quot;loop_manual&quot;:&quot;manual-endless&quot;,&quot;autoplay_stopper&quot;:false,&quot;noNavigation&quot;:false,&quot;bg_slider&quot;:false,&quot;keep_padding&quot;:false,&quot;hoverpause&quot;:false,&quot;show_slide_delay&quot;:0}\"  itemprop=\"image\" itemscope=\"itemscope\" itemtype=\"https:\/\/schema.org\/ImageObject\" ><ul class='avia-slideshow-inner ' style='padding-bottom: 66.625%;'><li  class='avia-slideshow-slide av-kcq0zv1w-df9b92f1f0a487104a7e75d3efb3cdd8__0  av-single-slide slide-1 slide-odd'><div data-rel='slideshow-2' class='avia-slide-wrap '   ><img decoding=\"async\" fetchpriority=\"high\" class=\"wp-image-6469 avia-img-lazy-loading-not-6469\"  src=\"https:\/\/esstzoumaz.ch\/wp-content\/uploads\/2025\/07\/camp-fire.jpg\" width=\"800\" height=\"533\" title='camp-fire' alt=''  itemprop=\"thumbnailUrl\" srcset=\"https:\/\/esstzoumaz.ch\/wp-content\/uploads\/2025\/07\/camp-fire.jpg 800w, https:\/\/esstzoumaz.ch\/wp-content\/uploads\/2025\/07\/camp-fire-768x512.jpg 768w, https:\/\/esstzoumaz.ch\/wp-content\/uploads\/2025\/07\/camp-fire-705x470.jpg 705w\" sizes=\"(max-width: 800px) 100vw, 800px\" \/><\/div><\/li><\/ul><\/div><br \/>\n<section  class='av_textblock_section av-md1fnp27-def4a54a0a717f04e18d5934208c1cf9 '   itemscope=\"itemscope\" itemtype=\"https:\/\/schema.org\/CreativeWork\" ><div class='avia_textblock'  itemprop=\"text\" ><h3>Praktische Informationen:<\/h3>\n<ul>\n<li>Programm buchbar pro Tag oder f\u00fcr die ganze Woche<\/li>\n<li>Durchf\u00fchrung ab mindestens 4 Teilnehmenden<\/li>\n<li>Zeiten: Treffpunkt um 9:00 Uhr, R\u00fcckkehr um 16:00 Uhr<\/li>\n<li>Fahrradverleih und Bergbahn-Abos nicht im Preis inbegriffen<\/li>\n<\/ul>\n<\/div><\/section><br \/>\n<section  class='av_textblock_section av-md1frslg-9514cb521944a6c84630af97a14af909 '   itemscope=\"itemscope\" itemtype=\"https:\/\/schema.org\/CreativeWork\" ><div class='avia_textblock'  itemprop=\"text\" ><p><strong data-start=\"1048\" data-end=\"1066\">Treffpunkt:<\/strong><br \/>\nMaison de la For\u00eat<\/p>\n<p><strong>Daten:<\/strong><br \/>\n14-18.07.25 | 21-25.07.25 | 28.07.-01.08.25 | 04-08.08.25 | 11-15.08.25<\/p>\n<p><strong data-start=\"1117\" data-end=\"1129\">Reservierung:<\/strong><br \/>\nAuf Anfrage per E-Mail an <a class=\"cursor-pointer\" href=\"mailto:info@esstzoumaz.ch\" rel=\"noopener\" data-start=\"1243\" data-end=\"1261\">info@esstzoumaz.ch<\/a><\/p>\n<\/div><\/section><br \/>\n<div  class='avia-button-wrap av-md28w11u-f86f8882271b641efb4c0280b7c8cb68-wrap avia-button-left  avia-builder-el-11  el_after_av_textblock  avia-builder-el-last '>\n<style type=\"text\/css\" data-created_by=\"avia_inline_auto\" id=\"style-css-av-md28w11u-f86f8882271b641efb4c0280b7c8cb68\">\n#top #wrap_all .avia-button.av-md28w11u-f86f8882271b641efb4c0280b7c8cb68{\nfont-size:18px;\ntransition:all 0.4s ease-in-out;\n}\n<\/style>\n<a href='https:\/\/esstzoumaz.ch\/wp-content\/uploads\/2025\/07\/camp-programme-2025.pdf' class='avia-button av-md28w11u-f86f8882271b641efb4c0280b7c8cb68 av-link-btn avia-icon_select-no avia-size-large avia-position-left avia-color-theme-color' target=\"_blank\" rel=\"noopener noreferrer\"><span class='avia_iconbox_title' >Camp Programm<\/span><\/a><\/div><\/p><\/div><\/div><\/div><\/div><!-- close content main div --><\/div><\/div>\n<style type=\"text\/css\" data-created_by=\"avia_inline_auto\" id=\"style-css-av-q51jwk-3589d94383a8ab13737981ea29445747\">\n.avia-section.av-q51jwk-3589d94383a8ab13737981ea29445747{\nbackground-color:#d2212b;\nbackground-image:url(https:\/\/esstzoumaz.ch\/wp-content\/uploads\/2020\/07\/tzoumaz-half-white-star-1.svg);\nbackground-repeat:no-repeat;\nbackground-position:0% 50%;\nbackground-attachment:scroll;\n}\n<\/style>\n<div id='av_section_2'  class='avia-section av-q51jwk-3589d94383a8ab13737981ea29445747 main_color avia-section-default avia-no-border-styling  avia-builder-el-12  el_after_av_section  el_before_av_button  tz_reservations avia-bg-style-scroll container_wrap fullsize'  data-section-bg-repeat='no-repeat'><div class='container av-section-cont-open' ><div class='template-page content  av-content-full alpha units'><div class='post-entry post-entry-type-page post-entry-6507'><div class='entry-content-wrapper clearfix'>\n\n<style type=\"text\/css\" data-created_by=\"avia_inline_auto\" id=\"style-css-av-et64ic-10145c20531bd6a45226f56799dd7dba\">\n.flex_column.av-et64ic-10145c20531bd6a45226f56799dd7dba{\nborder-radius:0px 0px 0px 0px;\npadding:0px 0px 0px 0px;\n}\n<\/style>\n<div  class='flex_column av-et64ic-10145c20531bd6a45226f56799dd7dba av_one_fifth  avia-builder-el-13  el_before_av_one_fifth  avia-builder-el-first  first flex_column_div av-zero-column-padding  '     ><\/div>\n<style type=\"text\/css\" data-created_by=\"avia_inline_auto\" id=\"style-css-av-et64ic-14-1e9b21857318a1cbe18343ae17d966a4\">\n.flex_column.av-et64ic-14-1e9b21857318a1cbe18343ae17d966a4{\nborder-radius:0px 0px 0px 0px;\npadding:0px 0px 0px 0px;\n}\n<\/style>\n<div  class='flex_column av-et64ic-14-1e9b21857318a1cbe18343ae17d966a4 av_one_fifth  avia-builder-el-14  el_after_av_one_fifth  el_before_av_one_half  flex_column_div av-zero-column-padding avia-link-column av-column-link  '    data-link-column-url=\"mailto:info@esstzoumaz.ch\"  data-link-column-target=\"_blank\"   ><a class=\"av-screen-reader-only\" href=\"mailto:info@esstzoumaz.ch\" target=\"_blank\" rel=\"noopener\">Sende eine E-Mail an: mailto:info@esstzoumaz.ch<\/a><style type=\"text\/css\" data-created_by=\"avia_inline_auto\" id=\"style-css-av-kcpywb9b-e09122f556b19c25a8d7141b79ab07fa\">\n.avia-image-container.av-kcpywb9b-e09122f556b19c25a8d7141b79ab07fa img.avia_image{\nbox-shadow:none;\n}\n.avia-image-container.av-kcpywb9b-e09122f556b19c25a8d7141b79ab07fa .av-image-caption-overlay-center{\ncolor:#ffffff;\n}\n<\/style>\n<div  class='avia-image-container av-kcpywb9b-e09122f556b19c25a8d7141b79ab07fa av-styling- avia-align-right  avia-builder-el-15  avia-builder-el-no-sibling '   itemprop=\"image\" itemscope=\"itemscope\" itemtype=\"https:\/\/schema.org\/ImageObject\" ><div class=\"avia-image-container-inner\"><div class=\"avia-image-overlay-wrap\"><img decoding=\"async\" fetchpriority=\"high\" class='wp-image-1719 avia-img-lazy-loading-not-1719 avia_image ' src=\"https:\/\/esstzoumaz.ch\/wp-content\/uploads\/2020\/07\/mouse-click-1.png\" alt='' title='mouse-click'  height=\"100\" width=\"100\"  itemprop=\"thumbnailUrl\" srcset=\"https:\/\/esstzoumaz.ch\/wp-content\/uploads\/2020\/07\/mouse-click-1.png 100w, https:\/\/esstzoumaz.ch\/wp-content\/uploads\/2020\/07\/mouse-click-1-80x80.png 80w, https:\/\/esstzoumaz.ch\/wp-content\/uploads\/2020\/07\/mouse-click-1-36x36.png 36w\" sizes=\"(max-width: 100px) 100vw, 100px\" \/><\/div><\/div><\/div><\/div>\n<style type=\"text\/css\" data-created_by=\"avia_inline_auto\" id=\"style-css-av-nz9wv8-77bc0adf66fb8736610b0a068c9c187e\">\n.flex_column.av-nz9wv8-77bc0adf66fb8736610b0a068c9c187e{\nborder-radius:0px 0px 0px 0px;\npadding:0px 0px 0px -50px;\n}\n<\/style>\n<div  class='flex_column av-nz9wv8-77bc0adf66fb8736610b0a068c9c187e av_one_half  avia-builder-el-16  el_after_av_one_fifth  avia-builder-el-last  flex_column_div avia-link-column av-column-link  '    data-link-column-url=\"mailto:info@esstzoumaz.ch\"  data-link-column-target=\"_blank\"   ><a class=\"av-screen-reader-only\" href=\"mailto:info@esstzoumaz.ch\" target=\"_blank\" rel=\"noopener\">Sende eine E-Mail an: mailto:info@esstzoumaz.ch<\/a><p>\n<style type=\"text\/css\" data-created_by=\"avia_inline_auto\" id=\"style-css-av-2jrkbr-4f41b1dd97582c99d11661dafbecdb20\">\n#top .av-special-heading.av-2jrkbr-4f41b1dd97582c99d11661dafbecdb20{\npadding-bottom:10px;\n}\nbody .av-special-heading.av-2jrkbr-4f41b1dd97582c99d11661dafbecdb20 .av-special-heading-tag .heading-char{\nfont-size:25px;\n}\n.av-special-heading.av-2jrkbr-4f41b1dd97582c99d11661dafbecdb20 .av-subheading{\nfont-size:15px;\n}\n<\/style>\n<div  class='av-special-heading av-2jrkbr-4f41b1dd97582c99d11661dafbecdb20 av-special-heading-h1 blockquote modern-quote  avia-builder-el-17  el_before_av_textblock  avia-builder-el-first '><h1 class='av-special-heading-tag'  itemprop=\"headline\"  >Buchen Sie die Abenteuerwoche in La Tzoumaz<\/h1><div class=\"special-heading-border\"><div class=\"special-heading-inner-border\"><\/div><\/div><\/div><br \/>\n\n<style type=\"text\/css\" data-created_by=\"avia_inline_auto\" id=\"style-css-av-kcany5ch-16-07402dc78d3a0e52c2e308e5996cf47c\">\n#top .av_textblock_section.av-kcany5ch-16-07402dc78d3a0e52c2e308e5996cf47c .avia_textblock{\nfont-size:16px;\ncolor:#ffffff;\n}\n<\/style>\n<section  class='av_textblock_section av-kcany5ch-16-07402dc78d3a0e52c2e308e5996cf47c '   itemscope=\"itemscope\" itemtype=\"https:\/\/schema.org\/CreativeWork\" ><div class='avia_textblock av_inherit_color'  itemprop=\"text\" ><p>Schenken Sie Ihrem Kind eine unvergessliche Woche voller Natur, Spiel und Sport! Dieses Sommerprogramm, betreut von einem erfahrenen Team, bietet spannende und altersgerechte Aktivit\u00e4ten f\u00fcr jedes Alter.<\/p>\n<p>Begrenzte Pl\u00e4tze \u2013 fr\u00fchzeitig reservieren empfohlen!<\/p>\n<\/div><\/section><\/p><\/div>\n<\/div><\/div><\/div><!-- close content main div --><\/div><\/div><div id='after_section_2'  class='main_color av_default_container_wrap container_wrap fullsize'  ><div class='container av-section-cont-open' ><div class='template-page content  av-content-full alpha units'><div class='post-entry post-entry-type-page post-entry-6507'><div class='entry-content-wrapper clearfix'><\/p>\n<div  class='avia-button-wrap av-kcau3t44-62e142f1dd7393a3c7e1732a7fc0efff-wrap avia-button-right  avia-builder-el-19  el_after_av_section  avia-builder-el-no-sibling  onScrollFixed'><a href='mailto:info@esstzoumaz.ch' class='avia-button av-kcau3t44-62e142f1dd7393a3c7e1732a7fc0efff av-link-btn avia-icon_select-yes-left-icon avia-size-large avia-position-right avia-color-theme-color' target=\"_blank\" rel=\"noopener noreferrer\"><span class='avia_button_icon avia_button_icon_left' aria-hidden='true' data-av_icon='\ue910' data-av_iconfont='tzoumaz'><\/span><span class='avia_iconbox_title' >Per E-Mail Buchen<\/span><\/a><\/div>\n","protected":false},"excerpt":{"rendered":"","protected":false},"author":2,"featured_media":0,"parent":0,"menu_order":0,"comment_status":"closed","ping_status":"closed","template":"","meta":{"_acf_changed":false,"_seopress_robots_primary_cat":"","_seopress_titles_title":"","_seopress_titles_desc":"","_seopress_robots_index":"","footnotes":""},"acf":[],"_links":{"self":[{"href":"https:\/\/esstzoumaz.ch\/de\/wp-json\/wp\/v2\/pages\/6507"}],"collection":[{"href":"https:\/\/esstzoumaz.ch\/de\/wp-json\/wp\/v2\/pages"}],"about":[{"href":"https:\/\/esstzoumaz.ch\/de\/wp-json\/wp\/v2\/types\/page"}],"author":[{"embeddable":true,"href":"https:\/\/esstzoumaz.ch\/de\/wp-json\/wp\/v2\/users\/2"}],"replies":[{"embeddable":true,"href":"https:\/\/esstzoumaz.ch\/de\/wp-json\/wp\/v2\/comments?post=6507"}],"version-history":[{"count":2,"href":"https:\/\/esstzoumaz.ch\/de\/wp-json\/wp\/v2\/pages\/6507\/revisions"}],"predecessor-version":[{"id":6565,"href":"https:\/\/esstzoumaz.ch\/de\/wp-json\/wp\/v2\/pages\/6507\/revisions\/6565"}],"wp:attachment":[{"href":"https:\/\/esstzoumaz.ch\/de\/wp-json\/wp\/v2\/media?parent=6507"}],"curies":[{"name":"wp","href":"https:\/\/api.w.org\/{rel}","templated":true}]}}